{"id":165,"date":"2023-05-07T23:04:26","date_gmt":"2023-05-07T21:04:26","guid":{"rendered":"https:\/\/oldpraguerestaurantutyna.com\/?page_id=165"},"modified":"2024-03-20T16:52:33","modified_gmt":"2024-03-20T15:52:33","slug":"contact","status":"publish","type":"page","link":"http:\/\/oldpraguerestaurantutyna.com\/en\/contact\/","title":{"rendered":"Contact"},"content":{"rendered":"<p>[et_pb_section fb_built=&#8221;1&#8243; fullwidth=&#8221;on&#8221; disabled_on=&#8221;off|off|off&#8221; admin_label=&#8221;Hero&#8221; _builder_version=&#8221;4.16&#8243; background_color=&#8221;#1f1f1f&#8221; parallax=&#8221;on&#8221; custom_padding=&#8221;|||&#8221; transparent_background=&#8221;on&#8221; global_colors_info=&#8221;{}&#8221;][et_pb_fullwidth_header title=&#8221;Contact&#8221; text_orientation=&#8221;center&#8221; background_overlay_color=&#8221;rgba(31,31,31,0.85)&#8221; subhead_font_color=&#8221;#bebebe&#8221; _builder_version=&#8221;4.20.0&#8243; title_font=&#8221;Playfair Display||||&#8221; title_text_align=&#8221;center&#8221; title_text_color=&#8221;#ffffff&#8221; title_font_size=&#8221;72px&#8221; title_line_height=&#8221;1.3em&#8221; content_font=&#8221;Montserrat||||&#8221; content_text_color=&#8221;#bfbfbf&#8221; content_font_size=&#8221;19px&#8221; content_line_height=&#8221;1.8em&#8221; subhead_font=&#8221;Montserrat||||&#8221; subhead_text_color=&#8221;#bebebe&#8221; subhead_line_height=&#8221;1.8em&#8221; background_color=&#8221;rgba(255, 255, 255, 0)&#8221; background_image=&#8221;http:\/\/oldpraguerestaurantutyna.com\/wp-content\/uploads\/2023\/05\/restaurant-hero-07.jpg&#8221; parallax=&#8221;on&#8221; parallax_method=&#8221;on&#8221; custom_padding=&#8221;5%||5%|&#8221; animation_style=&#8221;zoom&#8221; animation_duration=&#8221;1500ms&#8221; animation_intensity_zoom=&#8221;4%&#8221; title_font_size_tablet=&#8221;72px&#8221; title_font_size_phone=&#8221;50px&#8221; title_font_size_last_edited=&#8221;on|phone&#8221; title_line_height_last_edited=&#8221;off|desktop&#8221; content_font_size_tablet=&#8221;19px&#8221; content_font_size_phone=&#8221;19px&#8221; content_font_size_last_edited=&#8221;on|phone&#8221; global_colors_info=&#8221;{}&#8221; button_one_text_size__hover_enabled=&#8221;off&#8221; button_two_text_size__hover_enabled=&#8221;off&#8221; button_one_text_color__hover_enabled=&#8221;off&#8221; button_two_text_color__hover_enabled=&#8221;off&#8221; button_one_border_width__hover_enabled=&#8221;off&#8221; button_two_border_width__hover_enabled=&#8221;off&#8221; button_one_border_color__hover_enabled=&#8221;off&#8221; button_two_border_color__hover_enabled=&#8221;off&#8221; button_one_border_radius__hover_enabled=&#8221;off&#8221; button_two_border_radius__hover_enabled=&#8221;off&#8221; button_one_letter_spacing__hover_enabled=&#8221;off&#8221; button_two_letter_spacing__hover_enabled=&#8221;off&#8221; button_one_bg_color__hover_enabled=&#8221;off&#8221; button_two_bg_color__hover_enabled=&#8221;off&#8221;][\/et_pb_fullwidth_header][\/et_pb_section][et_pb_section fb_built=&#8221;1&#8243; admin_label=&#8221;Our News &#038; Events&#8221; _builder_version=&#8221;4.20.0&#8243; background_color=&#8221;rgba(0,0,0,0.03)&#8221; custom_padding=&#8221;100px|0px|100px|0px&#8221; saved_tabs=&#8221;all&#8221; collapsed=&#8221;off&#8221; global_colors_info=&#8221;{}&#8221;][et_pb_row column_structure=&#8221;1_2,1_2&#8243; make_equal=&#8221;on&#8221; module_id=&#8221;contact&#8221; _builder_version=&#8221;4.21.0&#8243; background_size=&#8221;initial&#8221; background_position=&#8221;top_left&#8221; background_repeat=&#8221;repeat&#8221; max_width=&#8221;1280px&#8221; custom_margin=&#8221;|||&#8221; custom_padding=&#8221;||0px|||&#8221; use_custom_width=&#8221;on&#8221; custom_width_px=&#8221;1280px&#8221; global_colors_info=&#8221;{}&#8221;][et_pb_column type=&#8221;1_2&#8243; _builder_version=&#8221;4.16&#8243; background_color=&#8221;#1f1f1f&#8221; custom_padding=&#8221;100px|5%|100px|5%&#8221; global_colors_info=&#8221;{}&#8221; custom_padding__hover=&#8221;|||&#8221;][et_pb_text _builder_version=&#8221;4.21.0&#8243; text_font=&#8221;Playfair Display||||&#8221; text_font_size=&#8221;40px&#8221; text_line_height=&#8221;1.3em&#8221; header_font=&#8221;||||||||&#8221; header_3_font=&#8221;Playfair Display||||||||&#8221; header_3_font_size=&#8221;30px&#8221; header_3_line_height=&#8221;1.3em&#8221; background_size=&#8221;initial&#8221; background_position=&#8221;top_left&#8221; background_repeat=&#8221;repeat&#8221; text_orientation=&#8221;center&#8221; background_layout=&#8221;dark&#8221; max_width=&#8221;400px&#8221; module_alignment=&#8221;center&#8221; custom_margin=&#8221;||39px|||&#8221; custom_padding=&#8221;||30px|&#8221; text_font_size_tablet=&#8221;&#8221; text_font_size_phone=&#8221;33px&#8221; text_font_size_last_edited=&#8221;on|phone&#8221; global_colors_info=&#8221;{}&#8221;]<\/p>\n<p>Contact<\/p>\n<p>[\/et_pb_text][et_pb_button button_text=&#8221;\u260e +420 776 855 001&#8243; button_alignment=&#8221;center&#8221; _builder_version=&#8221;4.21.0&#8243; _module_preset=&#8221;default&#8221; custom_button=&#8221;on&#8221; button_text_size=&#8221;1.6vw&#8221; button_text_color=&#8221;#FFFFFF&#8221; button_border_width=&#8221;2px&#8221; button_border_color=&#8221;gcid-d70118ab-e7c6-4a9d-9f92-a8b4219e23fa&#8221; button_border_radius=&#8221;0px&#8221; custom_margin=&#8221;|-8px||-8px|false|true&#8221; custom_margin_tablet=&#8221;&#8221; custom_margin_phone=&#8221;&#8221; custom_margin_last_edited=&#8221;on|phone&#8221; custom_padding=&#8221;|6px||6px|false|true&#8221; hover_enabled=&#8221;0&#8243; button_text_size_tablet=&#8221;3.5vw&#8221; button_text_size_phone=&#8221;3.5vw&#8221; button_text_size_last_edited=&#8221;on|phone&#8221; button_border_width_tablet=&#8221;&#8221; button_border_width_phone=&#8221;&#8221; button_border_width_last_edited=&#8221;on|phone&#8221; global_colors_info=&#8221;{%22gcid-d70118ab-e7c6-4a9d-9f92-a8b4219e23fa%22:%91%22button_border_color%22%93}&#8221; sticky_enabled=&#8221;0&#8243;][\/et_pb_button][et_pb_button button_url=&#8221;mailto:info@oldpraguerestaurantutyna.com&#8221; url_new_window=&#8221;on&#8221; button_text=&#8221;\u2709 info@oldpraguerestaurantutyna.com&#8221; button_alignment=&#8221;center&#8221; _builder_version=&#8221;4.21.0&#8243; _module_preset=&#8221;default&#8221; custom_button=&#8221;on&#8221; button_text_size=&#8221;1.5vw&#8221; button_text_color=&#8221;#FFFFFF&#8221; button_border_width=&#8221;2px&#8221; button_border_color=&#8221;gcid-d70118ab-e7c6-4a9d-9f92-a8b4219e23fa&#8221; button_border_radius=&#8221;0px&#8221; custom_margin=&#8221;35px|-53px|35px|-53px|true|true&#8221; custom_margin_tablet=&#8221;|-6px||-6px|true|true&#8221; custom_margin_phone=&#8221;|-6px||-6px|true|true&#8221; custom_margin_last_edited=&#8221;on|phone&#8221; custom_padding=&#8221;5px|9px|5px|9px|true|true&#8221; custom_padding_tablet=&#8221;|6px||6px|true|true&#8221; custom_padding_phone=&#8221;|6px||6px|true|true&#8221; custom_padding_last_edited=&#8221;on|phone&#8221; button_text_size_tablet=&#8221;3.5vw&#8221; button_text_size_phone=&#8221;3.5vw&#8221; button_text_size_last_edited=&#8221;on|phone&#8221; global_colors_info=&#8221;{%22gcid-d70118ab-e7c6-4a9d-9f92-a8b4219e23fa%22:%91%22button_border_color%22%93}&#8221;][\/et_pb_button][dsm_embed_google_map address=&#8221;Starom\u011bstsk\u00e9 n\u00e1m\u011bst\u00ed 603\/15&#8243; _builder_version=&#8221;4.20.0&#8243; _module_preset=&#8221;default&#8221; custom_margin=&#8221;||-67px|||&#8221; border_width_all=&#8221;3px&#8221; border_color_all=&#8221;gcid-d70118ab-e7c6-4a9d-9f92-a8b4219e23fa&#8221; global_colors_info=&#8221;{%22gcid-d70118ab-e7c6-4a9d-9f92-a8b4219e23fa%22:%91%22border_color_all%22%93}&#8221;][\/dsm_embed_google_map][\/et_pb_column][et_pb_column type=&#8221;1_2&#8243; _builder_version=&#8221;4.16&#8243; background_color=&#8221;#1f1f1f&#8221; custom_padding=&#8221;100px|5%|100px|5%&#8221; global_colors_info=&#8221;{}&#8221; custom_padding__hover=&#8221;|||&#8221;][et_pb_text _builder_version=&#8221;4.21.0&#8243; text_font=&#8221;Playfair Display||||&#8221; text_font_size=&#8221;40px&#8221; text_line_height=&#8221;1.3em&#8221; header_font=&#8221;||||||||&#8221; header_3_font=&#8221;Playfair Display||||||||&#8221; header_3_font_size=&#8221;30px&#8221; header_3_line_height=&#8221;1.3em&#8221; background_size=&#8221;initial&#8221; background_position=&#8221;top_left&#8221; background_repeat=&#8221;repeat&#8221; text_orientation=&#8221;center&#8221; background_layout=&#8221;dark&#8221; max_width=&#8221;400px&#8221; module_alignment=&#8221;center&#8221; custom_margin=&#8221;||39px|||&#8221; custom_padding=&#8221;||30px|&#8221; text_font_size_tablet=&#8221;&#8221; text_font_size_phone=&#8221;33px&#8221; text_font_size_last_edited=&#8221;on|phone&#8221; global_colors_info=&#8221;{}&#8221;]<\/p>\n<p>Opening Hours<\/p>\n<p>[\/et_pb_text][dsm_business_hours item_padding=&#8221;22px|0px|22px|0px|true|true&#8221; item_padding_tablet=&#8221;&#8221; item_padding_phone=&#8221;&#8221; item_padding_last_edited=&#8221;on|phone&#8221; _builder_version=&#8221;4.21.0&#8243; _module_preset=&#8221;default&#8221; text_font=&#8221;Montserrat||||||||&#8221; text_text_color=&#8221;#FFFFFF&#8221; text_font_size=&#8221;18px&#8221; custom_margin=&#8221;0px||0px||true|true&#8221; custom_margin_tablet=&#8221;&#8221; custom_margin_phone=&#8221;&#8221; custom_margin_last_edited=&#8221;on|desktop&#8221; custom_padding=&#8221;17px|52px|17px|52px|true|true&#8221; custom_padding_tablet=&#8221;&#8221; custom_padding_phone=&#8221;&#8221; custom_padding_last_edited=&#8221;on|desktop&#8221; text_font_size_tablet=&#8221;&#8221; text_font_size_phone=&#8221;3vw&#8221; text_font_size_last_edited=&#8221;on|desktop&#8221; text_letter_spacing_tablet=&#8221;&#8221; text_letter_spacing_phone=&#8221;0px&#8221; text_letter_spacing_last_edited=&#8221;on|phone&#8221; border_width_all=&#8221;2px&#8221; border_color_all=&#8221;gcid-d70118ab-e7c6-4a9d-9f92-a8b4219e23fa&#8221; global_colors_info=&#8221;{%22gcid-d70118ab-e7c6-4a9d-9f92-a8b4219e23fa%22:%91%22border_color_all%22%93}&#8221;][dsm_business_hours_child time=&#8221;11:00 &#8211; 23:30&#8243; _builder_version=&#8221;4.21.0&#8243; _module_preset=&#8221;default&#8221; global_colors_info=&#8221;{}&#8221;][\/dsm_business_hours_child][dsm_business_hours_child time=&#8221;11:00 &#8211; 23:30&#8243; title=&#8221;Tuesday&#8221; _builder_version=&#8221;4.21.0&#8243; _module_preset=&#8221;default&#8221; global_colors_info=&#8221;{}&#8221;][\/dsm_business_hours_child][dsm_business_hours_child time=&#8221;11:00 &#8211; 23:30&#8243; title=&#8221;Wednesday&#8221; _builder_version=&#8221;4.21.0&#8243; _module_preset=&#8221;default&#8221; global_colors_info=&#8221;{}&#8221;][\/dsm_business_hours_child][dsm_business_hours_child time=&#8221;11:00 &#8211; 23:30&#8243; title=&#8221;Thursday&#8221; _builder_version=&#8221;4.21.0&#8243; _module_preset=&#8221;default&#8221; global_colors_info=&#8221;{}&#8221;][\/dsm_business_hours_child][dsm_business_hours_child time=&#8221;11:00 &#8211; 23:30&#8243; title=&#8221;Friday&#8221; _builder_version=&#8221;4.21.0&#8243; _module_preset=&#8221;default&#8221; global_colors_info=&#8221;{}&#8221;][\/dsm_business_hours_child][dsm_business_hours_child time=&#8221;11:00 &#8211; 23:30&#8243; title=&#8221;Saturday&#8221; _builder_version=&#8221;4.21.0&#8243; _module_preset=&#8221;default&#8221; global_colors_info=&#8221;{}&#8221;][\/dsm_business_hours_child][dsm_business_hours_child time=&#8221;11:00 &#8211; 23:30&#8243; title=&#8221;Sunday&#8221; _builder_version=&#8221;4.21.0&#8243; _module_preset=&#8221;default&#8221; border_color_all=&#8221;gcid-d70118ab-e7c6-4a9d-9f92-a8b4219e23fa&#8221; global_colors_info=&#8221;{%22gcid-d70118ab-e7c6-4a9d-9f92-a8b4219e23fa%22:%91%22border_color_all%22%93}&#8221;][\/dsm_business_hours_child][\/dsm_business_hours][et_pb_divider show_divider=&#8221;off&#8221; disabled_on=&#8221;on|on|off%22%22%22%22&#8243; _builder_version=&#8221;4.16&#8243; max_width=&#8221;400px&#8221; module_alignment=&#8221;center&#8221; height=&#8221;2px&#8221; custom_margin=&#8221;||0px|&#8221; custom_padding=&#8221;|||&#8221; animation_style=&#8221;zoom&#8221; animation_intensity_zoom=&#8221;20%&#8221; global_colors_info=&#8221;{}&#8221;][\/et_pb_divider][et_pb_divider show_divider=&#8221;off&#8221; disabled_on=&#8221;on|on|off%22%22%22%22&#8243; _builder_version=&#8221;4.16&#8243; max_width=&#8221;400px&#8221; module_alignment=&#8221;center&#8221; height=&#8221;2px&#8221; custom_margin=&#8221;||0px|&#8221; custom_padding=&#8221;|||&#8221; animation_style=&#8221;zoom&#8221; animation_intensity_zoom=&#8221;20%&#8221; locked=&#8221;off&#8221; global_colors_info=&#8221;{}&#8221;][\/et_pb_divider][\/et_pb_column][\/et_pb_row][et_pb_row _builder_version=&#8221;4.16&#8243; background_size=&#8221;initial&#8221; background_position=&#8221;top_left&#8221; background_repeat=&#8221;repeat&#8221; custom_padding=&#8221;27px|0px|27px|0px&#8221; global_colors_info=&#8221;{}&#8221;][et_pb_column type=&#8221;4_4&#8243; _builder_version=&#8221;4.16&#8243; custom_padding=&#8221;|||&#8221; global_colors_info=&#8221;{}&#8221; custom_padding__hover=&#8221;|||&#8221;][et_pb_divider show_divider=&#8221;off&#8221; _builder_version=&#8221;4.16&#8243; max_width=&#8221;60px&#8221; module_alignment=&#8221;center&#8221; custom_margin=&#8221;||10px|&#8221; locked=&#8221;off&#8221; global_colors_info=&#8221;{}&#8221;][\/et_pb_divider][\/et_pb_column][\/et_pb_row][\/et_pb_section]<\/p>\n","protected":false},"excerpt":{"rendered":"<p>Contact<div class=\"et_pb_with_border et_pb_module dsm_embed_google_map dsm_embed_google_map_0\">\n\t\t\t\t\n\t\t\t\t\n\t\t\t\t\n\t\t\t\t\n\t\t\t\t\n\t\t\t\t\n\t\t\t\t<div class=\"et_pb_module_inner\">\n\t\t\t\t\t<iframe frameborder=\"0\" scrolling=\"no\" marginheight=\"0\" marginwidth=\"0\" src=\"https:\/\/maps.google.com\/maps?q=Starom%C4%9Bstsk%C3%A9%20n%C3%A1m%C4%9Bst%C3%AD%20603%2F15&amp;t=m&amp;z=10&amp;output=embed&amp;iwloc=near&hl=en_US\" aria-label=\"Starom\u011bstsk\u00e9 n\u00e1m\u011bst\u00ed 603\/15\"><\/iframe>\n\t\t\t\t<\/div>\n\t\t\t<\/div>Opening Hours<div class=\"et_pb_with_border et_pb_module dsm_business_hours dsm_business_hours_0\">\n\t\t\t\t\n\t\t\t\t\n\t\t\t\t\n\t\t\t\t\n\t\t\t\t\n\t\t\t\t\n\t\t\t\t<div class=\"et_pb_module_inner\">\n\t\t\t\t\t\n\t\t\t\t<\/div>\n\t\t\t<\/div><div class=\"et_pb_module dsm_business_hours_child dsm_business_hours_child_0\">\n\t\t\t\t\n\t\t\t\t\n\t\t\t\t\n\t\t\t\t\n\t\t\t\t\n\t\t\t\t\n\t\t\t\t<div class=\"et_pb_module_inner\">\n\t\t\t\t\t\n\t\t\t\n\t\t\t<div class=\"dsm_business_hours_item_wrapper\">\n\t\t\t\t<div class=\"dsm-business-hours-header\">\n\t\t\t\t\t<div class=\"dsm-business-hours-day\">Monday<\/div>\n\t\t\t\t\t<div class=\"dsm-business-hours-separator\"><\/div>\n\t\t\t\t\t<div class=\"dsm-business-hours-time\">11:00 - 23:30<\/div>\n\t\t\t\t<\/div>\n\t\t\t<\/div>\n\t\t\t\t<\/div>\n\t\t\t<\/div><div class=\"et_pb_module dsm_business_hours_child dsm_business_hours_child_1\">\n\t\t\t\t\n\t\t\t\t\n\t\t\t\t\n\t\t\t\t\n\t\t\t\t\n\t\t\t\t\n\t\t\t\t<div class=\"et_pb_module_inner\">\n\t\t\t\t\t\n\t\t\t\n\t\t\t<div class=\"dsm_business_hours_item_wrapper\">\n\t\t\t\t<div class=\"dsm-business-hours-header\">\n\t\t\t\t\t<div class=\"dsm-business-hours-day\">Tuesday<\/div>\n\t\t\t\t\t<div class=\"dsm-business-hours-separator\"><\/div>\n\t\t\t\t\t<div class=\"dsm-business-hours-time\">11:00 - 23:30<\/div>\n\t\t\t\t<\/div>\n\t\t\t<\/div>\n\t\t\t\t<\/div>\n\t\t\t<\/div><div class=\"et_pb_module dsm_business_hours_child dsm_business_hours_child_2\">\n\t\t\t\t\n\t\t\t\t\n\t\t\t\t\n\t\t\t\t\n\t\t\t\t\n\t\t\t\t\n\t\t\t\t<div class=\"et_pb_module_inner\">\n\t\t\t\t\t\n\t\t\t\n\t\t\t<div class=\"dsm_business_hours_item_wrapper\">\n\t\t\t\t<div class=\"dsm-business-hours-header\">\n\t\t\t\t\t<div class=\"dsm-business-hours-day\">&#8221;Wednesday&#8221;<\/div>\n\t\t\t\t\t<div class=\"dsm-business-hours-separator\"><\/div>\n\t\t\t\t\t<div class=\"dsm-business-hours-time\">&#8221;11:00<\/div>\n\t\t\t\t<\/div>\n\t\t\t<\/div>\n\t\t\t\t<\/div>\n\t\t\t<\/div><\/p>\n","protected":false},"author":2,"featured_media":0,"parent":0,"menu_order":0,"comment_status":"closed","ping_status":"closed","template":"","meta":{"_et_pb_use_builder":"on","_et_pb_old_content":"","_et_gb_content_width":"","footnotes":""},"class_list":["post-165","page","type-page","status-publish","hentry"],"_links":{"self":[{"href":"http:\/\/oldpraguerestaurantutyna.com\/en\/wp-json\/wp\/v2\/pages\/165","targetHints":{"allow":["GET"]}}],"collection":[{"href":"http:\/\/oldpraguerestaurantutyna.com\/en\/wp-json\/wp\/v2\/pages"}],"about":[{"href":"http:\/\/oldpraguerestaurantutyna.com\/en\/wp-json\/wp\/v2\/types\/page"}],"author":[{"embeddable":true,"href":"http:\/\/oldpraguerestaurantutyna.com\/en\/wp-json\/wp\/v2\/users\/2"}],"replies":[{"embeddable":true,"href":"http:\/\/oldpraguerestaurantutyna.com\/en\/wp-json\/wp\/v2\/comments?post=165"}],"version-history":[{"count":6,"href":"http:\/\/oldpraguerestaurantutyna.com\/en\/wp-json\/wp\/v2\/pages\/165\/revisions"}],"predecessor-version":[{"id":209,"href":"http:\/\/oldpraguerestaurantutyna.com\/en\/wp-json\/wp\/v2\/pages\/165\/revisions\/209"}],"wp:attachment":[{"href":"http:\/\/oldpraguerestaurantutyna.com\/en\/wp-json\/wp\/v2\/media?parent=165"}],"curies":[{"name":"wp","href":"https:\/\/api.w.org\/{rel}","templated":true}]}}